{"id":326,"date":"2021-05-20T11:19:33","date_gmt":"2021-05-20T15:19:33","guid":{"rendered":"https:\/\/buypoc.ca\/?page_id=326"},"modified":"2021-05-20T11:22:35","modified_gmt":"2021-05-20T15:22:35","slug":"terms-and-conditions","status":"publish","type":"page","link":"https:\/\/buypoc.ca\/fr\/terms-and-conditions","title":{"rendered":"Termes et conditions"},"content":{"rendered":"<h3 class=\"wp-block-heading\">Introduction<\/h3>\n\n\n\n<p>Les pr\u00e9sentes conditions g\u00e9n\u00e9rales du site Web \u00e9crites sur cette page Web g\u00e8rent votre utilisation de notre site Web, BUYPOC accessible \u00e0 https:\/\/www.buypoc.ca.<\/p>\n\n\n\n<p>Ces conditions seront pleinement appliqu\u00e9es et affecteront votre utilisation de ce site Web. En utilisant ce site Web, vous avez accept\u00e9 toutes les conditions g\u00e9n\u00e9rales \u00e9crites ici. Vous ne devez pas utiliser ce site Web si vous n'\u00eates pas d'accord avec l'une de ces conditions g\u00e9n\u00e9rales standard du site Web.<\/p>\n\n\n\n<p>Les mineurs ou les personnes de moins de 18 ans ne sont pas autoris\u00e9s \u00e0 utiliser ce site Web.<\/p>\n\n\n\n<h3 class=\"wp-block-heading\">Droits de propri\u00e9t\u00e9 intellectuelle<\/h3>\n\n\n\n<p>Outre le contenu que vous poss\u00e9dez, en vertu des pr\u00e9sentes Conditions, BUYPOC et \/ ou ses conc\u00e9dants de licence poss\u00e8dent tous les droits de propri\u00e9t\u00e9 intellectuelle et le mat\u00e9riel contenus dans ce site Web.<\/p>\n\n\n\n<p>Vous b\u00e9n\u00e9ficiez d'une licence limit\u00e9e uniquement aux fins de visualisation du mat\u00e9riel contenu sur ce site Web.<\/p>\n\n\n\n<h3 class=\"wp-block-heading\">Restrictions<\/h3>\n\n\n\n<p>Vous \u00eates sp\u00e9cifiquement limit\u00e9 de tous les \u00e9l\u00e9ments suivants:<\/p>\n\n\n\n<ul class=\"wp-block-list\"><li>publier tout contenu du site Web dans tout autre m\u00e9dia;<\/li><li>la vente, l'octroi de sous-licences et \/ ou la commercialisation de tout mat\u00e9riel du site Web;<\/li><li>ex\u00e9cuter et \/ ou montrer publiquement tout mat\u00e9riel du site Web;<\/li><li>utiliser ce site Web de quelque mani\u00e8re que ce soit qui est ou peut \u00eatre dommageable pour ce site Web;<\/li><li>utiliser ce site Web de quelque mani\u00e8re que ce soit qui affecte l'acc\u00e8s des utilisateurs \u00e0 ce site Web;<\/li><li>l'utilisation de ce site Web contrairement aux lois et r\u00e8glements applicables, ou de quelque mani\u00e8re que ce soit, peut causer un pr\u00e9judice au site Web ou \u00e0 toute personne ou entit\u00e9 commerciale;<\/li><li>s'engager dans toute exploration de donn\u00e9es, collecte de donn\u00e9es, extraction de donn\u00e9es ou toute autre activit\u00e9 similaire en relation avec ce site Web;<\/li><li>using this Website to engage in any advertising or marketing.<\/li><\/ul>\n\n\n\n<p>Certaines zones de ce site Web sont interdites d'acc\u00e8s par vous et BUYPOC peut restreindre davantage l'acc\u00e8s par vous \u00e0 toutes les zones de ce site Web, \u00e0 tout moment, \u00e0 sa discr\u00e9tion absolue. Tout identifiant et mot de passe que vous pourriez avoir pour ce site Web sont confidentiels et vous devez \u00e9galement maintenir la confidentialit\u00e9.<\/p>\n\n\n\n<h3 class=\"wp-block-heading\">Votre contenu<\/h3>\n\n\n\n<p>Dans ces conditions g\u00e9n\u00e9rales standard du site Web, \u00abvotre contenu\u00bb d\u00e9signe tout texte audio, vid\u00e9o, images ou autre mat\u00e9riel que vous choisissez d'afficher sur ce site Web. En affichant votre contenu, vous accordez \u00e0 BUYPOC une licence non exclusive, irr\u00e9vocable dans le monde entier, sous licence pour l'utiliser, le reproduire, l'adapter, le publier, le traduire et le distribuer sur tous les supports.<\/p>\n\n\n\n<p>Votre contenu doit \u00eatre le v\u00f4tre et ne doit pas empi\u00e9ter sur les droits d\u2019un tiers. BUYPOC se r\u00e9serve le droit de supprimer tout votre contenu de ce site Web \u00e0 tout moment et sans pr\u00e9avis.<\/p>\n\n\n\n<h3 class=\"wp-block-heading\">Votre vie priv\u00e9e<\/h3>\n\n\n\n<p class=\" translation-block\">Veuillez lire la <a href=\"https:\/\/buypoc.ca\/fr\/privacy-policy\/\" target=\"_self\" rel=\"noreferrer noopener\"> Politique de confidentialit\u00e9<\/a>.<\/p>\n\n\n\n<h3 class=\"wp-block-heading\">Aucune garantie<\/h3>\n\n\n\n<p>Ce site Web est fourni \u00abtel quel\u00bb, avec tous les d\u00e9fauts, et BUYPOC n'exprime aucune repr\u00e9sentation ou garantie, de quelque nature que ce soit, li\u00e9e \u00e0 ce site Web ou aux \u00e9l\u00e9ments contenus sur ce site Web. De plus, rien de ce qui figure sur ce site Web ne doit \u00eatre interpr\u00e9t\u00e9 comme vous conseillant.<\/p>\n\n\n\n<h3 class=\"wp-block-heading\">Limitation de responsabilit\u00e9<\/h3>\n\n\n\n<p>En aucun cas BUYPOC, ni aucun de ses dirigeants, administrateurs et employ\u00e9s, ne pourra \u00eatre tenu responsable de quoi que ce soit d\u00e9coulant de ou li\u00e9 de quelque mani\u00e8re que ce soit \u00e0 votre utilisation de ce site Web, que cette responsabilit\u00e9 soit contractuelle. BUYPOC, y compris ses dirigeants, administrateurs et employ\u00e9s, ne pourra \u00eatre tenu responsable de toute responsabilit\u00e9 indirecte, cons\u00e9cutive ou sp\u00e9ciale d\u00e9coulant de ou li\u00e9e de quelque mani\u00e8re que ce soit \u00e0 votre utilisation de ce site Web.<\/p>\n\n\n\n<h3 class=\"wp-block-heading\">Indemnit\u00e9<\/h3>\n\n\n\n<p>Par la pr\u00e9sente, vous indemnisez BUYPOC dans toute la mesure du possible et contre toutes les responsabilit\u00e9s, co\u00fbts, demandes, causes d'action, dommages et d\u00e9penses d\u00e9coulant de quelque mani\u00e8re que ce soit de votre violation de l'une des dispositions des pr\u00e9sentes Conditions.<\/p>\n\n\n\n<h3 class=\"wp-block-heading\">Divisibilit\u00e9<\/h3>\n\n\n\n<p>Si une disposition de ces Conditions est jug\u00e9e invalide en vertu d'une loi applicable, ces dispositions seront supprim\u00e9es sans affecter les autres dispositions des pr\u00e9sentes.<\/p>\n\n\n\n<h3 class=\"wp-block-heading\">Variation des termes<\/h3>\n\n\n\n<p>BUYPOC est autoris\u00e9 \u00e0 r\u00e9viser ces conditions \u00e0 tout moment comme bon lui semble, et en utilisant ce site Web, vous \u00eates cens\u00e9 revoir ces conditions sur une base r\u00e9guli\u00e8re.<\/p>\n\n\n\n<h3 class=\"wp-block-heading\">Mission<\/h3>\n\n\n\n<p>Le BUYPOC est autoris\u00e9 \u00e0 c\u00e9der, transf\u00e9rer et sous-traiter ses droits et \/ ou obligations en vertu des pr\u00e9sentes Conditions sans aucune notification. Cependant, vous n'\u00eates pas autoris\u00e9 \u00e0 c\u00e9der, transf\u00e9rer ou sous-traiter l'un de vos droits et \/ ou obligations en vertu des pr\u00e9sentes Conditions.<\/p>\n\n\n\n<h3 class=\"wp-block-heading\">Accord complet<\/h3>\n\n\n\n<p>Ces conditions constituent l'int\u00e9gralit\u00e9 de l'accord entre BUYPOC et vous en ce qui concerne votre utilisation de ce site Web et remplacent tous les accords et accords ant\u00e9rieurs.<\/p>\n\n\n\n<h3 class=\"wp-block-heading\">Loi applicable et juridiction<\/h3>\n\n\n\n<p>Ces Conditions seront r\u00e9gies et interpr\u00e9t\u00e9es conform\u00e9ment aux lois de l'\u00c9tat de Californie, et vous vous soumettez \u00e0 la comp\u00e9tence non exclusive des tribunaux d'\u00c9tat et f\u00e9d\u00e9raux situ\u00e9s en Californie pour la r\u00e9solution de tout litige.<\/p>","protected":false},"excerpt":{"rendered":"<p>Introduction These Website Standard Terms and Conditions written on this webpage shall manage your use of our website, BUYPOC accessible at https:\/\/www.buypoc.ca. These Terms will be applied fully and affect to your use of this Website. By using this Website, you agreed to accept all terms and conditions written in here. You must not use [&hellip;]<\/p>","protected":false},"author":1,"featured_media":0,"parent":0,"menu_order":0,"comment_status":"closed","ping_status":"closed","template":"page-info.php","meta":{"_acf_changed":false,"ocean_post_layout":"","ocean_both_sidebars_style":"","ocean_both_sidebars_content_width":0,"ocean_both_sidebars_sidebars_width":0,"ocean_sidebar":"0","ocean_second_sidebar":"0","ocean_disable_margins":"enable","ocean_add_body_class":"","ocean_shortcode_before_top_bar":"","ocean_shortcode_after_top_bar":"","ocean_shortcode_before_header":"","ocean_shortcode_after_header":"","ocean_has_shortcode":"","ocean_shortcode_after_title":"","ocean_shortcode_before_footer_widgets":"","ocean_shortcode_after_footer_widgets":"","ocean_shortcode_before_footer_bottom":"","ocean_shortcode_after_footer_bottom":"","ocean_display_top_bar":"default","ocean_display_header":"default","ocean_header_style":"","ocean_center_header_left_menu":"0","ocean_custom_header_template":"0","ocean_custom_logo":0,"ocean_custom_retina_logo":0,"ocean_custom_logo_max_width":0,"ocean_custom_logo_tablet_max_width":0,"ocean_custom_logo_mobile_max_width":0,"ocean_custom_logo_max_height":0,"ocean_custom_logo_tablet_max_height":0,"ocean_custom_logo_mobile_max_height":0,"ocean_header_custom_menu":"0","ocean_menu_typo_font_family":"0","ocean_menu_typo_font_subset":"","ocean_menu_typo_font_size":0,"ocean_menu_typo_font_size_tablet":0,"ocean_menu_typo_font_size_mobile":0,"ocean_menu_typo_font_size_unit":"px","ocean_menu_typo_font_weight":"","ocean_menu_typo_font_weight_tablet":"","ocean_menu_typo_font_weight_mobile":"","ocean_menu_typo_transform":"","ocean_menu_typo_transform_tablet":"","ocean_menu_typo_transform_mobile":"","ocean_menu_typo_line_height":0,"ocean_menu_typo_line_height_tablet":0,"ocean_menu_typo_line_height_mobile":0,"ocean_menu_typo_line_height_unit":"","ocean_menu_typo_spacing":0,"ocean_menu_typo_spacing_tablet":0,"ocean_menu_typo_spacing_mobile":0,"ocean_menu_typo_spacing_unit":"","ocean_menu_link_color":"","ocean_menu_link_color_hover":"","ocean_menu_link_color_active":"","ocean_menu_link_background":"","ocean_menu_link_hover_background":"","ocean_menu_link_active_background":"","ocean_menu_social_links_bg":"","ocean_menu_social_hover_links_bg":"","ocean_menu_social_links_color":"","ocean_menu_social_hover_links_color":"","ocean_disable_title":"default","ocean_disable_heading":"default","ocean_post_title":"","ocean_post_subheading":"","ocean_post_title_style":"","ocean_post_title_background_color":"","ocean_post_title_background":0,"ocean_post_title_bg_image_position":"","ocean_post_title_bg_image_attachment":"","ocean_post_title_bg_image_repeat":"","ocean_post_title_bg_image_size":"","ocean_post_title_height":0,"ocean_post_title_bg_overlay":0.5,"ocean_post_title_bg_overlay_color":"","ocean_disable_breadcrumbs":"default","ocean_breadcrumbs_color":"","ocean_breadcrumbs_separator_color":"","ocean_breadcrumbs_links_color":"","ocean_breadcrumbs_links_hover_color":"","ocean_display_footer_widgets":"default","ocean_display_footer_bottom":"default","ocean_custom_footer_template":"0","footnotes":""},"class_list":["post-326","page","type-page","status-publish","hentry","entry"],"acf":[],"yoast_head":"<!-- This site is optimized with the Yoast SEO plugin v23.4 - https:\/\/yoast.com\/wordpress\/plugins\/seo\/ -->\n<title>Terms and Conditions | BUYPOC<\/title>\n<meta name=\"robots\" content=\"index, follow, max-snippet:-1, max-image-preview:large, max-video-preview:-1\" \/>\n<link rel=\"canonical\" href=\"https:\/\/buypoc.ca\/fr\/terms-and-conditions\/\" \/>\n<meta property=\"og:locale\" content=\"fr_CA\" \/>\n<meta property=\"og:type\" content=\"article\" \/>\n<meta property=\"og:title\" content=\"Terms and Conditions | BUYPOC\" \/>\n<meta property=\"og:description\" content=\"Introduction These Website Standard Terms and Conditions written on this webpage shall manage your use of our website, BUYPOC accessible at https:\/\/www.buypoc.ca. These Terms will be applied fully and affect to your use of this Website. By using this Website, you agreed to accept all terms and conditions written in here. You must not use [&hellip;]\" \/>\n<meta property=\"og:url\" content=\"https:\/\/buypoc.ca\/fr\/terms-and-conditions\/\" \/>\n<meta property=\"og:site_name\" content=\"BUYPOC\" \/>\n<meta property=\"article:publisher\" content=\"https:\/\/www.facebook.com\/buypoc\/\" \/>\n<meta property=\"article:modified_time\" content=\"2021-05-20T15:22:35+00:00\" \/>\n<meta property=\"og:image\" content=\"https:\/\/buypoc.ca\/assets\/uploads\/2024\/02\/BUYPOC_META_IMG.jpg\" \/>\n\t<meta property=\"og:image:width\" content=\"1200\" \/>\n\t<meta property=\"og:image:height\" content=\"630\" \/>\n\t<meta property=\"og:image:type\" content=\"image\/jpeg\" \/>\n<meta name=\"twitter:card\" content=\"summary_large_image\" \/>\n<meta name=\"twitter:label1\" content=\"Estimation du temps de lecture\" \/>\n\t<meta name=\"twitter:data1\" content=\"4 minutes\" \/>\n<script type=\"application\/ld+json\" class=\"yoast-schema-graph\">{\"@context\":\"https:\/\/schema.org\",\"@graph\":[{\"@type\":\"WebPage\",\"@id\":\"https:\/\/buypoc.ca\/terms-and-conditions\",\"url\":\"https:\/\/buypoc.ca\/terms-and-conditions\",\"name\":\"Terms and Conditions | BUYPOC\",\"isPartOf\":{\"@id\":\"https:\/\/buypoc.ca\/#website\"},\"datePublished\":\"2021-05-20T15:19:33+00:00\",\"dateModified\":\"2021-05-20T15:22:35+00:00\",\"breadcrumb\":{\"@id\":\"https:\/\/buypoc.ca\/terms-and-conditions#breadcrumb\"},\"inLanguage\":\"fr-CA\",\"potentialAction\":[{\"@type\":\"ReadAction\",\"target\":[\"https:\/\/buypoc.ca\/terms-and-conditions\"]}]},{\"@type\":\"BreadcrumbList\",\"@id\":\"https:\/\/buypoc.ca\/terms-and-conditions#breadcrumb\",\"itemListElement\":[{\"@type\":\"ListItem\",\"position\":1,\"name\":\"Home\",\"item\":\"https:\/\/buypoc.ca\/\"},{\"@type\":\"ListItem\",\"position\":2,\"name\":\"Terms and Conditions\"}]},{\"@type\":\"WebSite\",\"@id\":\"https:\/\/buypoc.ca\/#website\",\"url\":\"https:\/\/buypoc.ca\/\",\"name\":\"BUYPOC\",\"description\":\"Aiming to increase economic opportunities for Montreal\u2019s diverse entrepreneurs.\",\"publisher\":{\"@id\":\"https:\/\/buypoc.ca\/#organization\"},\"potentialAction\":[{\"@type\":\"SearchAction\",\"target\":{\"@type\":\"EntryPoint\",\"urlTemplate\":\"https:\/\/buypoc.ca\/?s={search_term_string}\"},\"query-input\":{\"@type\":\"PropertyValueSpecification\",\"valueRequired\":true,\"valueName\":\"search_term_string\"}}],\"inLanguage\":\"fr-CA\"},{\"@type\":\"Organization\",\"@id\":\"https:\/\/buypoc.ca\/#organization\",\"name\":\"BUYPOC\",\"url\":\"https:\/\/buypoc.ca\/\",\"logo\":{\"@type\":\"ImageObject\",\"inLanguage\":\"fr-CA\",\"@id\":\"https:\/\/buypoc.ca\/#\/schema\/logo\/image\/\",\"url\":\"https:\/\/buypoc.ca\/assets\/uploads\/2021\/05\/BUYPOC_Logo_BEST.svg\",\"contentUrl\":\"https:\/\/buypoc.ca\/assets\/uploads\/2021\/05\/BUYPOC_Logo_BEST.svg\",\"caption\":\"BUYPOC\"},\"image\":{\"@id\":\"https:\/\/buypoc.ca\/#\/schema\/logo\/image\/\"},\"sameAs\":[\"https:\/\/www.facebook.com\/buypoc\/\",\"https:\/\/www.instagram.com\/buypoc.mtl\/\"]}]}<\/script>\n<!-- \/ Yoast SEO plugin. -->","yoast_head_json":{"title":"Terms and Conditions | BUYPOC","robots":{"index":"index","follow":"follow","max-snippet":"max-snippet:-1","max-image-preview":"max-image-preview:large","max-video-preview":"max-video-preview:-1"},"canonical":"https:\/\/buypoc.ca\/fr\/terms-and-conditions\/","og_locale":"fr_CA","og_type":"article","og_title":"Terms and Conditions | BUYPOC","og_description":"Introduction These Website Standard Terms and Conditions written on this webpage shall manage your use of our website, BUYPOC accessible at https:\/\/www.buypoc.ca. These Terms will be applied fully and affect to your use of this Website. By using this Website, you agreed to accept all terms and conditions written in here. You must not use [&hellip;]","og_url":"https:\/\/buypoc.ca\/fr\/terms-and-conditions\/","og_site_name":"BUYPOC","article_publisher":"https:\/\/www.facebook.com\/buypoc\/","article_modified_time":"2021-05-20T15:22:35+00:00","og_image":[{"width":1200,"height":630,"url":"https:\/\/buypoc.ca\/assets\/uploads\/2024\/02\/BUYPOC_META_IMG.jpg","type":"image\/jpeg"}],"twitter_card":"summary_large_image","twitter_misc":{"Estimation du temps de lecture":"4 minutes"},"schema":{"@context":"https:\/\/schema.org","@graph":[{"@type":"WebPage","@id":"https:\/\/buypoc.ca\/terms-and-conditions","url":"https:\/\/buypoc.ca\/terms-and-conditions","name":"Terms and Conditions | BUYPOC","isPartOf":{"@id":"https:\/\/buypoc.ca\/#website"},"datePublished":"2021-05-20T15:19:33+00:00","dateModified":"2021-05-20T15:22:35+00:00","breadcrumb":{"@id":"https:\/\/buypoc.ca\/terms-and-conditions#breadcrumb"},"inLanguage":"fr-CA","potentialAction":[{"@type":"ReadAction","target":["https:\/\/buypoc.ca\/terms-and-conditions"]}]},{"@type":"BreadcrumbList","@id":"https:\/\/buypoc.ca\/terms-and-conditions#breadcrumb","itemListElement":[{"@type":"ListItem","position":1,"name":"Home","item":"https:\/\/buypoc.ca\/"},{"@type":"ListItem","position":2,"name":"Terms and Conditions"}]},{"@type":"WebSite","@id":"https:\/\/buypoc.ca\/#website","url":"https:\/\/buypoc.ca\/","name":"BUYPOC","description":"Aiming to increase economic opportunities for Montreal\u2019s diverse entrepreneurs.","publisher":{"@id":"https:\/\/buypoc.ca\/#organization"},"potentialAction":[{"@type":"SearchAction","target":{"@type":"EntryPoint","urlTemplate":"https:\/\/buypoc.ca\/?s={search_term_string}"},"query-input":{"@type":"PropertyValueSpecification","valueRequired":true,"valueName":"search_term_string"}}],"inLanguage":"fr-CA"},{"@type":"Organization","@id":"https:\/\/buypoc.ca\/#organization","name":"BUYPOC","url":"https:\/\/buypoc.ca\/","logo":{"@type":"ImageObject","inLanguage":"fr-CA","@id":"https:\/\/buypoc.ca\/#\/schema\/logo\/image\/","url":"https:\/\/buypoc.ca\/assets\/uploads\/2021\/05\/BUYPOC_Logo_BEST.svg","contentUrl":"https:\/\/buypoc.ca\/assets\/uploads\/2021\/05\/BUYPOC_Logo_BEST.svg","caption":"BUYPOC"},"image":{"@id":"https:\/\/buypoc.ca\/#\/schema\/logo\/image\/"},"sameAs":["https:\/\/www.facebook.com\/buypoc\/","https:\/\/www.instagram.com\/buypoc.mtl\/"]}]}},"_links":{"self":[{"href":"https:\/\/buypoc.ca\/fr\/wp-json\/wp\/v2\/pages\/326","targetHints":{"allow":["GET"]}}],"collection":[{"href":"https:\/\/buypoc.ca\/fr\/wp-json\/wp\/v2\/pages"}],"about":[{"href":"https:\/\/buypoc.ca\/fr\/wp-json\/wp\/v2\/types\/page"}],"author":[{"embeddable":true,"href":"https:\/\/buypoc.ca\/fr\/wp-json\/wp\/v2\/users\/1"}],"replies":[{"embeddable":true,"href":"https:\/\/buypoc.ca\/fr\/wp-json\/wp\/v2\/comments?post=326"}],"version-history":[{"count":2,"href":"https:\/\/buypoc.ca\/fr\/wp-json\/wp\/v2\/pages\/326\/revisions"}],"predecessor-version":[{"id":329,"href":"https:\/\/buypoc.ca\/fr\/wp-json\/wp\/v2\/pages\/326\/revisions\/329"}],"wp:attachment":[{"href":"https:\/\/buypoc.ca\/fr\/wp-json\/wp\/v2\/media?parent=326"}],"curies":[{"name":"wp","href":"https:\/\/api.w.org\/{rel}","templated":true}]}}